{"id":8,"date":"2018-06-20T15:10:36","date_gmt":"2018-06-20T15:10:36","guid":{"rendered":"http:\/\/bewegung-in-balance.de\/?page_id=8"},"modified":"2022-04-04T07:05:35","modified_gmt":"2022-04-04T07:05:35","slug":"ueber-uns","status":"publish","type":"page","link":"https:\/\/bewegung-in-balance.de\/?page_id=8","title":{"rendered":"\u00dcber uns"},"content":{"rendered":"<p><strong>Was es bei uns im Verein gibt:<\/strong><\/p>\n<p>Sport wie bei den \u201eGro\u00dfen\u201c!<br \/>\nDie Kurse werden von lizenzierten Trainern mit langj\u00e4hriger Erfahrung geleitet \u2013 Wir bieten alles von Ausdauer-, \u00fcber Kraftsport bis zur Mobilisation.<\/p>\n<p>Ein freundliches L\u00e4cheln und ein freundliches Wort \u2013 wer so ein kleiner Verein\u00a0ist wie wir, kennt seine Mitglieder pers\u00f6nlich.<\/p>\n<p>Die M\u00f6glichkeit Ihre Kinder jederzeit mitzubringen und teilhaben zu lassen.<\/p>\n<p>Ein geselliges Miteinander auch au\u00dferhalb des Kursbetriebes.<\/p>\n<p><strong>Was es bei uns nicht gibt:<\/strong><\/p>\n<p>Teure Getr\u00e4nke an einem Tresenbereich \u2013 bei uns d\u00fcrfen Sie Ihre Getr\u00e4nke und kleinen Zwischenmalzeiten selbst mitbringen.<\/p>\n<p>Duschen d\u00fcrfen Sie zu Hause, am besten, Sie kommen in lockerer Sportkleidung zu uns gejoggt \u2013 Sie k\u00f6nnen sich selbstverst\u00e4ndlich am Waschbecken frisch machen.<\/p>\n<p>St\u00e4ndigen Trainer- und Kurswechsel \u2013 wir stellen uns so gut wie m\u00f6glich auf Sie ein und sind immer f\u00fcr \u00c4nderungsvorschl\u00e4ge dankbar.<\/p>\n<p>Einen gro\u00dfen Ger\u00e4tepark, wo Sie einsam und allein an Ihrem Ger\u00e4t trainieren \u2013 anstelle bieten wir Ihnen Langhanteltraining an, Ger\u00e4tetraining in der Gruppe<\/p>\n<p><strong>Was alle unsere Trainer, Putzwilligen, T\u00fcr\u00f6ffner, Partyvorbereiter, Hausmeister, Schatzmeister, Vorstand, Kassenpr\u00fcfer, formale-Papier-Leser-und-Bearbeiter, Genehmigungsbeantrager &#8230; so toll macht:<\/strong><\/p>\n<p><strong>Alle die vielen Helferlein sind ehrenamtlich (und d.h. bei uns wirklich \u00fcberhaupt gar keine Entgeltleistung) t\u00e4tig und niemand von den vielen Heinzelm\u00e4nnchen bekommt eine Entlohnung, au\u00dfer unser aller &#8220;Danke sch\u00f6n&#8221;!<\/strong><\/p>\n<p>Das mu\u00df doch einfach auch mal gesagt sein, oder \ud83d\ude42<\/p>\n","protected":false},"excerpt":{"rendered":"<p>Was es bei uns im Verein gibt: Sport wie bei den \u201eGro\u00dfen\u201c! Die Kurse werden von lizenzierten Trainern mit langj\u00e4hriger Erfahrung geleitet \u2013 Wir bieten alles von Ausdauer-, \u00fcber Kraftsport bis zur Mobilisation. Ein freundliches L\u00e4cheln und ein freundliches Wort \u2013 wer so ein kleiner Verein\u00a0ist wie wir, kennt seine Mitglieder pers\u00f6nlich. Die M\u00f6glichkeit Ihre &hellip; <a href=\"https:\/\/bewegung-in-balance.de\/?page_id=8\" class=\"more-link\"><span class=\"screen-reader-text\">\u201e\u00dcber uns\u201c <\/span>weiterlesen<\/a><\/p>\n","protected":false},"author":1,"featured_media":0,"parent":0,"menu_order":0,"comment_status":"closed","ping_status":"closed","template":"","meta":{"_s2mail":"yes","footnotes":""},"class_list":["post-8","page","type-page","status-publish","hentry"],"_links":{"self":[{"href":"https:\/\/bewegung-in-balance.de\/index.php?rest_route=\/wp\/v2\/pages\/8","targetHints":{"allow":["GET"]}}],"collection":[{"href":"https:\/\/bewegung-in-balance.de\/index.php?rest_route=\/wp\/v2\/pages"}],"about":[{"href":"https:\/\/bewegung-in-balance.de\/index.php?rest_route=\/wp\/v2\/types\/page"}],"author":[{"embeddable":true,"href":"https:\/\/bewegung-in-balance.de\/index.php?rest_route=\/wp\/v2\/users\/1"}],"replies":[{"embeddable":true,"href":"https:\/\/bewegung-in-balance.de\/index.php?rest_route=%2Fwp%2Fv2%2Fcomments&post=8"}],"version-history":[{"count":5,"href":"https:\/\/bewegung-in-balance.de\/index.php?rest_route=\/wp\/v2\/pages\/8\/revisions"}],"predecessor-version":[{"id":2876,"href":"https:\/\/bewegung-in-balance.de\/index.php?rest_route=\/wp\/v2\/pages\/8\/revisions\/2876"}],"wp:attachment":[{"href":"https:\/\/bewegung-in-balance.de\/index.php?rest_route=%2Fwp%2Fv2%2Fmedia&parent=8"}],"curies":[{"name":"wp","href":"https:\/\/api.w.org\/{rel}","templated":true}]}}