{"id":2931,"date":"2022-06-03T12:10:33","date_gmt":"2022-06-03T12:10:33","guid":{"rendered":"https:\/\/bewegung-in-balance.de\/?page_id=2931"},"modified":"2022-06-03T12:17:34","modified_gmt":"2022-06-03T12:17:34","slug":"jugendsport","status":"publish","type":"page","link":"https:\/\/bewegung-in-balance.de\/?page_id=2931","title":{"rendered":"Jugendsport"},"content":{"rendered":"\n<p>Liebe Jugend!<\/p>\n\n\n\n<p>F\u00fcr die Teilnahme am Jugendsport sollte man schon so ungef\u00e4hr 12 Jahre sein, sehr gerne auch \u00e4lter, damit sich die jetzigen Teilnehmer nicht ganz alt vorkommen \ud83d\ude42<\/p>\n\n\n\n<p>Wir machen ein gut gemischtes Training, bestehend aus Koordination, Kraft, Dehnung und nat\u00fcrlich Spa\u00df!<\/p>\n\n\n\n<p>Um einen besseren \u00dcberblick zu haben, f\u00fcr Euch und f\u00fcr mich, w\u00e4re es sch\u00f6n, wenn Ihr w\u00f6chentlich bis Freitag Abend hier kommentiert, ob Ihr mit dabei seid oder nicht. Auf diese Weise k\u00f6nnen auch die anderen immer absch\u00e4tzen wer da ist und mit wem man sich diesen Samstag eben dort treffen k\u00f6nnte.<\/p>\n\n\n\n<p>Sportliche Gr\u00fc\u00dfe,<br>Rebecca<\/p>\n","protected":false},"excerpt":{"rendered":"<p>Liebe Jugend! F\u00fcr die Teilnahme am Jugendsport sollte man schon so ungef\u00e4hr 12 Jahre sein, sehr gerne auch \u00e4lter, damit sich die jetzigen Teilnehmer nicht ganz alt vorkommen \ud83d\ude42 Wir machen ein gut gemischtes Training, bestehend aus Koordination, Kraft, Dehnung und nat\u00fcrlich Spa\u00df! Um einen besseren \u00dcberblick zu haben, f\u00fcr Euch und f\u00fcr mich, w\u00e4re &hellip; <a href=\"https:\/\/bewegung-in-balance.de\/?page_id=2931\" class=\"more-link\"><span class=\"screen-reader-text\">\u201eJugendsport\u201c <\/span>weiterlesen<\/a><\/p>\n","protected":false},"author":1,"featured_media":0,"parent":0,"menu_order":0,"comment_status":"open","ping_status":"closed","template":"","meta":{"_s2mail":"","footnotes":""},"class_list":["post-2931","page","type-page","status-publish","hentry"],"_links":{"self":[{"href":"https:\/\/bewegung-in-balance.de\/index.php?rest_route=\/wp\/v2\/pages\/2931","targetHints":{"allow":["GET"]}}],"collection":[{"href":"https:\/\/bewegung-in-balance.de\/index.php?rest_route=\/wp\/v2\/pages"}],"about":[{"href":"https:\/\/bewegung-in-balance.de\/index.php?rest_route=\/wp\/v2\/types\/page"}],"author":[{"embeddable":true,"href":"https:\/\/bewegung-in-balance.de\/index.php?rest_route=\/wp\/v2\/users\/1"}],"replies":[{"embeddable":true,"href":"https:\/\/bewegung-in-balance.de\/index.php?rest_route=%2Fwp%2Fv2%2Fcomments&post=2931"}],"version-history":[{"count":2,"href":"https:\/\/bewegung-in-balance.de\/index.php?rest_route=\/wp\/v2\/pages\/2931\/revisions"}],"predecessor-version":[{"id":2933,"href":"https:\/\/bewegung-in-balance.de\/index.php?rest_route=\/wp\/v2\/pages\/2931\/revisions\/2933"}],"wp:attachment":[{"href":"https:\/\/bewegung-in-balance.de\/index.php?rest_route=%2Fwp%2Fv2%2Fmedia&parent=2931"}],"curies":[{"name":"wp","href":"https:\/\/api.w.org\/{rel}","templated":true}]}}